{"id":203,"date":"2020-11-25T11:38:38","date_gmt":"2020-11-25T10:38:38","guid":{"rendered":"https:\/\/gymrd.com\/?page_id=203"},"modified":"2020-11-25T12:10:46","modified_gmt":"2020-11-25T11:10:46","slug":"listadook","status":"publish","type":"page","link":"https:\/\/gymrd.com\/?page_id=203","title":{"rendered":"Listado"},"content":{"rendered":"\t\t<div data-elementor-type=\"wp-post\" data-elementor-id=\"203\" class=\"elementor elementor-203\">\n\t\t\t\t\t\t<section class=\"elementor-section elementor-top-section elementor-element elementor-element-b8c01db elementor-section-boxed elementor-section-height-default elementor-section-height-default\" data-id=\"b8c01db\" data-element_type=\"section\" data-e-type=\"section\">\n\t\t\t\t\t\t<div class=\"elementor-container elementor-column-gap-default\">\n\t\t\t\t\t<div class=\"elementor-column elementor-col-100 elementor-top-column elementor-element elementor-element-cd910af\" data-id=\"cd910af\" data-element_type=\"column\" data-e-type=\"column\">\n\t\t\t<div class=\"elementor-widget-wrap elementor-element-populated\">\n\t\t\t\t\t\t<div class=\"elementor-element elementor-element-55b8844 elementor-align-center elementor-widget elementor-widget-button\" data-id=\"55b8844\" data-element_type=\"widget\" data-e-type=\"widget\" data-widget_type=\"button.default\">\n\t\t\t\t<div class=\"elementor-widget-container\">\n\t\t\t\t\t\t\t\t\t<div class=\"elementor-button-wrapper\">\n\t\t\t\t\t<a class=\"elementor-button elementor-button-link elementor-size-sm\" href=\"https:\/\/gymrd.com\/docu\/rm\/Memoria%20Recursos%20Minerales%205873%20Restauracion.pdf\" target=\"_blank\">\n\t\t\t\t\t\t<span class=\"elementor-button-content-wrapper\">\n\t\t\t\t\t\t\t\t\t<span class=\"elementor-button-text\">Haz clic aqu\u00ed<\/span>\n\t\t\t\t\t<\/span>\n\t\t\t\t\t<\/a>\n\t\t\t\t<\/div>\n\t\t\t\t\t\t\t\t<\/div>\n\t\t\t\t<\/div>\n\t\t\t\t<div class=\"elementor-element elementor-element-2a8f976 elementor-align-center elementor-widget elementor-widget-button\" data-id=\"2a8f976\" data-element_type=\"widget\" data-e-type=\"widget\" data-widget_type=\"button.default\">\n\t\t\t\t<div class=\"elementor-widget-container\">\n\t\t\t\t\t\t\t\t\t<div class=\"elementor-button-wrapper\">\n\t\t\t\t\t<a class=\"elementor-button elementor-button-link elementor-size-sm\" href=\"https:\/\/gymrd.com\/docu\/rm\/Memoria%20Recursos%20Minerales%205873%20Restauracion.pdf\" target=\"_blank\">\n\t\t\t\t\t\t<span class=\"elementor-button-content-wrapper\">\n\t\t\t\t\t\t\t\t\t<span class=\"elementor-button-text\">Haz clic aqu\u00ed<\/span>\n\t\t\t\t\t<\/span>\n\t\t\t\t\t<\/a>\n\t\t\t\t<\/div>\n\t\t\t\t\t\t\t\t<\/div>\n\t\t\t\t<\/div>\n\t\t\t\t\t<\/div>\n\t\t<\/div>\n\t\t\t\t\t<\/div>\n\t\t<\/section>\n\t\t\t\t<\/div>\n\t\t","protected":false},"excerpt":{"rendered":"<p>Haz clic aqu\u00ed Haz clic aqu\u00ed<\/p>\n","protected":false},"author":1,"featured_media":0,"parent":0,"menu_order":0,"comment_status":"closed","ping_status":"closed","template":"","meta":{"footnotes":""},"class_list":["post-203","page","type-page","status-publish","hentry"],"yoast_head":"<!-- This site is optimized with the Yoast SEO plugin v19.13 - https:\/\/yoast.com\/wordpress\/plugins\/seo\/ -->\n<title>Listado - Geolog\u00eda y Miner\u00eda RD<\/title>\n<meta name=\"robots\" content=\"index, follow, max-snippet:-1, max-image-preview:large, max-video-preview:-1\" \/>\n<link rel=\"canonical\" href=\"https:\/\/gymrd.com\/?page_id=203\" \/>\n<meta property=\"og:locale\" content=\"es_ES\" \/>\n<meta property=\"og:type\" content=\"article\" \/>\n<meta property=\"og:title\" content=\"Listado - Geolog\u00eda y Miner\u00eda RD\" \/>\n<meta property=\"og:description\" content=\"Haz clic aqu\u00ed Haz clic aqu\u00ed\" \/>\n<meta property=\"og:url\" content=\"https:\/\/gymrd.com\/?page_id=203\" \/>\n<meta property=\"og:site_name\" content=\"Geolog\u00eda y Miner\u00eda RD\" \/>\n<meta property=\"article:modified_time\" content=\"2020-11-25T11:10:46+00:00\" \/>\n<meta name=\"twitter:card\" content=\"summary_large_image\" \/>\n<script type=\"application\/ld+json\" class=\"yoast-schema-graph\">{\"@context\":\"https:\/\/schema.org\",\"@graph\":[{\"@type\":\"WebPage\",\"@id\":\"https:\/\/gymrd.com\/?page_id=203\",\"url\":\"https:\/\/gymrd.com\/?page_id=203\",\"name\":\"Listado - Geolog\u00eda y Miner\u00eda RD\",\"isPartOf\":{\"@id\":\"https:\/\/gymrd.com\/#website\"},\"datePublished\":\"2020-11-25T10:38:38+00:00\",\"dateModified\":\"2020-11-25T11:10:46+00:00\",\"breadcrumb\":{\"@id\":\"https:\/\/gymrd.com\/?page_id=203#breadcrumb\"},\"inLanguage\":\"es\",\"potentialAction\":[{\"@type\":\"ReadAction\",\"target\":[\"https:\/\/gymrd.com\/?page_id=203\"]}]},{\"@type\":\"BreadcrumbList\",\"@id\":\"https:\/\/gymrd.com\/?page_id=203#breadcrumb\",\"itemListElement\":[{\"@type\":\"ListItem\",\"position\":1,\"name\":\"Portada\",\"item\":\"https:\/\/gymrd.com\/\"},{\"@type\":\"ListItem\",\"position\":2,\"name\":\"Listado\"}]},{\"@type\":\"WebSite\",\"@id\":\"https:\/\/gymrd.com\/#website\",\"url\":\"https:\/\/gymrd.com\/\",\"name\":\"Geolog\u00eda y Miner\u00eda RD\",\"description\":\"Programa SYSMIN\",\"potentialAction\":[{\"@type\":\"SearchAction\",\"target\":{\"@type\":\"EntryPoint\",\"urlTemplate\":\"https:\/\/gymrd.com\/?s={search_term_string}\"},\"query-input\":\"required name=search_term_string\"}],\"inLanguage\":\"es\"}]}<\/script>\n<!-- \/ Yoast SEO plugin. -->","yoast_head_json":{"title":"Listado - Geolog\u00eda y Miner\u00eda RD","robots":{"index":"index","follow":"follow","max-snippet":"max-snippet:-1","max-image-preview":"max-image-preview:large","max-video-preview":"max-video-preview:-1"},"canonical":"https:\/\/gymrd.com\/?page_id=203","og_locale":"es_ES","og_type":"article","og_title":"Listado - Geolog\u00eda y Miner\u00eda RD","og_description":"Haz clic aqu\u00ed Haz clic aqu\u00ed","og_url":"https:\/\/gymrd.com\/?page_id=203","og_site_name":"Geolog\u00eda y Miner\u00eda RD","article_modified_time":"2020-11-25T11:10:46+00:00","twitter_card":"summary_large_image","schema":{"@context":"https:\/\/schema.org","@graph":[{"@type":"WebPage","@id":"https:\/\/gymrd.com\/?page_id=203","url":"https:\/\/gymrd.com\/?page_id=203","name":"Listado - Geolog\u00eda y Miner\u00eda RD","isPartOf":{"@id":"https:\/\/gymrd.com\/#website"},"datePublished":"2020-11-25T10:38:38+00:00","dateModified":"2020-11-25T11:10:46+00:00","breadcrumb":{"@id":"https:\/\/gymrd.com\/?page_id=203#breadcrumb"},"inLanguage":"es","potentialAction":[{"@type":"ReadAction","target":["https:\/\/gymrd.com\/?page_id=203"]}]},{"@type":"BreadcrumbList","@id":"https:\/\/gymrd.com\/?page_id=203#breadcrumb","itemListElement":[{"@type":"ListItem","position":1,"name":"Portada","item":"https:\/\/gymrd.com\/"},{"@type":"ListItem","position":2,"name":"Listado"}]},{"@type":"WebSite","@id":"https:\/\/gymrd.com\/#website","url":"https:\/\/gymrd.com\/","name":"Geolog\u00eda y Miner\u00eda RD","description":"Programa SYSMIN","potentialAction":[{"@type":"SearchAction","target":{"@type":"EntryPoint","urlTemplate":"https:\/\/gymrd.com\/?s={search_term_string}"},"query-input":"required name=search_term_string"}],"inLanguage":"es"}]}},"_links":{"self":[{"href":"https:\/\/gymrd.com\/index.php?rest_route=\/wp\/v2\/pages\/203","targetHints":{"allow":["GET"]}}],"collection":[{"href":"https:\/\/gymrd.com\/index.php?rest_route=\/wp\/v2\/pages"}],"about":[{"href":"https:\/\/gymrd.com\/index.php?rest_route=\/wp\/v2\/types\/page"}],"author":[{"embeddable":true,"href":"https:\/\/gymrd.com\/index.php?rest_route=\/wp\/v2\/users\/1"}],"replies":[{"embeddable":true,"href":"https:\/\/gymrd.com\/index.php?rest_route=%2Fwp%2Fv2%2Fcomments&post=203"}],"version-history":[{"count":11,"href":"https:\/\/gymrd.com\/index.php?rest_route=\/wp\/v2\/pages\/203\/revisions"}],"predecessor-version":[{"id":215,"href":"https:\/\/gymrd.com\/index.php?rest_route=\/wp\/v2\/pages\/203\/revisions\/215"}],"wp:attachment":[{"href":"https:\/\/gymrd.com\/index.php?rest_route=%2Fwp%2Fv2%2Fmedia&parent=203"}],"curies":[{"name":"wp","href":"https:\/\/api.w.org\/{rel}","templated":true}]}}